{"id":57,"date":"2022-11-22T14:15:12","date_gmt":"2022-11-22T14:15:12","guid":{"rendered":"http:\/\/aliceconstantinescu.ro\/?page_id=57"},"modified":"2024-08-15T18:36:15","modified_gmt":"2024-08-15T18:36:15","slug":"reportaje","status":"publish","type":"page","link":"http:\/\/aliceconstantinescu.ro\/index.php\/reportaje\/","title":{"rendered":"Reportaje"},"content":{"rendered":"\n<div class=\"wp-block-media-text alignwide has-media-on-the-right is-stacked-on-mobile\"><div class=\"wp-block-media-text__content\">\n<h2 class=\"wp-block-heading\"><a href=\"https:\/\/aliceconstantinescu.ro\/index.php\/2024\/08\/15\/despre-rabdare-si-frumos-cu-radu-tataru-restaurator-la-muzeul-de-arta-brasov\/\">Despre r\u0103bdare \u0219i frumos, cu Radu T\u0103taru, restaurator la Muzeul de Art\u0103 Bra\u0219ov<\/a><\/h2>\n\n\n\n<p class=\"has-link-color wp-elements-8634ffb6726ba91b51e6fc8c771374a2\">La Bra\u0219ov, timpul \u00eenseamn\u0103 art\u0103, iar arta se m\u0103soar\u0103 \u00een timpul petrecut de restaurator \u00een atelierul s\u0103u. \u00cen prima jum\u0103tate a lunii august, Muzeul de Art\u0103 din Bra\u0219ov a mutat atelierul de restaurare a lucr\u0103rilor \u00een prima sal\u0103 din muzeu, cre\u00e2nd o oper\u0103 de art\u0103 unic\u0103, vie, plin\u0103 de pove\u0219ti, invit\u00e2nd vizitatorii s\u0103 stea de vorb\u0103 cu specialistul restaurator, pentru a afla o mic\u0103 parte din frumuse\u021bea restaur\u0103rii.<\/p>\n\n\n\n<p class=\"has-link-color wp-elements-6fc4ea3b307cf069bd5f6c60f7ee2d8d\">Nu m-am putut ab\u021bine s\u0103 nu intru \u0219i am \u00eendr\u0103znit s\u0103&#8230; <a href=\"https:\/\/aliceconstantinescu.ro\/index.php\/2024\/08\/15\/despre-rabdare-si-frumos-cu-radu-tataru-restaurator-la-muzeul-de-arta-brasov\/\">cite\u0219te mai mult<\/a><\/p>\n<\/div><figure class=\"wp-block-media-text__media\"><img loading=\"lazy\" decoding=\"async\" width=\"768\" height=\"1024\" src=\"http:\/\/aliceconstantinescu.ro\/wp-content\/uploads\/2024\/08\/IMG_2065-1-768x1024.jpg\" alt=\"restauratorul Radu T\u0103taru, lucr\u00e2nd la o pictur\u0103 ce \u00eenf\u0103\u021bi\u0219eaz\u0103 o femeie \u00een port popular s\u0103sesc\" class=\"wp-image-593 size-full\" srcset=\"http:\/\/aliceconstantinescu.ro\/wp-content\/uploads\/2024\/08\/IMG_2065-1-768x1024.jpg 768w, http:\/\/aliceconstantinescu.ro\/wp-content\/uploads\/2024\/08\/IMG_2065-1-225x300.jpg 225w, http:\/\/aliceconstantinescu.ro\/wp-content\/uploads\/2024\/08\/IMG_2065-1-1152x1536.jpg 1152w, http:\/\/aliceconstantinescu.ro\/wp-content\/uploads\/2024\/08\/IMG_2065-1-1536x2048.jpg 1536w, http:\/\/aliceconstantinescu.ro\/wp-content\/uploads\/2024\/08\/IMG_2065-1-scaled.jpg 1920w\" sizes=\"auto, (max-width: 768px) 100vw, 768px\" \/><\/figure><\/div>\n\n\n\n<div class=\"wp-block-media-text alignwide is-stacked-on-mobile\"><figure class=\"wp-block-media-text__media\"><img loading=\"lazy\" decoding=\"async\" width=\"1024\" height=\"778\" src=\"http:\/\/aliceconstantinescu.ro\/wp-content\/uploads\/2023\/09\/Alexandra-3-1024x778.jpg\" alt=\"actrita la teatrul national cluj \" class=\"wp-image-447 size-full\" srcset=\"http:\/\/aliceconstantinescu.ro\/wp-content\/uploads\/2023\/09\/Alexandra-3-1024x778.jpg 1024w, http:\/\/aliceconstantinescu.ro\/wp-content\/uploads\/2023\/09\/Alexandra-3-300x228.jpg 300w, http:\/\/aliceconstantinescu.ro\/wp-content\/uploads\/2023\/09\/Alexandra-3-768x584.jpg 768w\" sizes=\"auto, (max-width: 1024px) 100vw, 1024px\" \/><\/figure><div class=\"wp-block-media-text__content\">\n<h2 class=\"wp-block-heading\"><a href=\"https:\/\/aliceconstantinescu.ro\/index.php\/2023\/09\/13\/in-culise-o-dupa-amiaza-cu-actorii-din-imblanzirea-scorpiei-de-la-teatrul-national-din-cluj-napoca-un-spectacol-e-fragil-dupa-ce-e-gata\/\">\u00cen culise. O dup\u0103-amiaz\u0103 cu actorii din \u201e\u00cembl\u00e2nzirea scorpiei\u201d, de la Teatrul Na\u021bional din Cluj-Napoca. \u201eUn spectacol e fragil dup\u0103 ce e gata\u201d<\/a><\/h2>\n\n\n\n<p class=\"has-text-align-left\">C\u00e2nd deschid u\u0219a care desparte foaierul de sala mare a Teatrului Na\u021bional din Cluj-Napoca, m\u0103 \u00eent\u00e2mpin\u0103 tapi\u021beria ro\u0219ie de pe scaunele goale \u0219i r\u00e2setele din spatele scenei.<\/p>\n\n\n\n<p class=\"has-link-color wp-elements-f9c47dd33aa457de3620283f2bba232b\">Repeti\u021bia de text e pe cale s\u0103 \u00eenceap\u0103&#8230; <a href=\"https:\/\/aliceconstantinescu.ro\/index.php\/2023\/09\/13\/in-culise-o-dupa-amiaza-cu-actorii-din-imblanzirea-scorpiei-de-la-teatrul-national-din-cluj-napoca-un-spectacol-e-fragil-dupa-ce-e-gata\/\">cite\u0219te mai mult<\/a><\/p>\n<\/div><\/div>\n\n\n\n<div class=\"wp-block-media-text alignwide has-media-on-the-right is-stacked-on-mobile\"><div class=\"wp-block-media-text__content\">\n<h2 class=\"wp-block-heading\"><a href=\"http:\/\/aliceconstantinescu.ro\/index.php\/2022\/11\/22\/unde-s-a-ascuns-dragostea-de-carte\/\">Unde s-a ascuns dragostea de carte?<\/a><\/h2>\n\n\n\n<p class=\"has-link-color wp-elements-aad21f2a793da6711054f78493561cf8\">Sta\u021bia de la Teatrul Dramatic din Bra\u0219ov e un trotuar \u00eengustat de grupurile de oameni care a\u0219teapt\u0103 autobuzul. C\u00e2nd aglomera\u021bia e mare, oamenii se \u00eempr\u0103\u0219tie p\u00e2n\u0103 \u00een Pia\u021ba Teatrului, dar stau cu spatele la u\u0219a veche \u0219i grea a anticariatului. Totu\u0219i la anticariat e mereu plin, mereu v\u00e2nzoleal\u0103, \u00eens\u0103 dup\u0103 ce intru realizez c\u0103 oamenii vin la xeroxul aflat \u00een aceea\u0219i incint\u0103. Un xerox, o papet\u0103rie la etaj \u0219i rafturi pline cu c\u0103r\u021bi de la cele mai vechi, \u00eeng\u0103lbenite, p\u00e2n\u0103 la cele mai noi, neatinse de timp \u0219i de cititori&#8230; <a href=\"http:\/\/aliceconstantinescu.ro\/index.php\/2022\/11\/22\/unde-s-a-ascuns-dragostea-de-carte\/\">cite\u0219te mai mult<\/a><\/p>\n<\/div><figure class=\"wp-block-media-text__media\"><img loading=\"lazy\" decoding=\"async\" width=\"1024\" height=\"768\" src=\"http:\/\/aliceconstantinescu.ro\/wp-content\/uploads\/2022\/11\/featured.jpeg\" alt=\"c\u0103r\u021bi vechi pe raft\" class=\"wp-image-206 size-full\" srcset=\"http:\/\/aliceconstantinescu.ro\/wp-content\/uploads\/2022\/11\/featured.jpeg 1024w, http:\/\/aliceconstantinescu.ro\/wp-content\/uploads\/2022\/11\/featured-300x225.jpeg 300w, http:\/\/aliceconstantinescu.ro\/wp-content\/uploads\/2022\/11\/featured-768x576.jpeg 768w\" sizes=\"auto, (max-width: 1024px) 100vw, 1024px\" \/><\/figure><\/div>\n\n\n\n<div class=\"wp-block-media-text alignwide is-stacked-on-mobile\"><figure class=\"wp-block-media-text__media\"><img loading=\"lazy\" decoding=\"async\" width=\"1024\" height=\"768\" src=\"http:\/\/aliceconstantinescu.ro\/wp-content\/uploads\/2022\/11\/image00022-1024x768.jpeg\" alt=\"haine pe umera\u0219\" class=\"wp-image-215 size-full\" srcset=\"http:\/\/aliceconstantinescu.ro\/wp-content\/uploads\/2022\/11\/image00022-1024x768.jpeg 1024w, http:\/\/aliceconstantinescu.ro\/wp-content\/uploads\/2022\/11\/image00022-300x225.jpeg 300w, http:\/\/aliceconstantinescu.ro\/wp-content\/uploads\/2022\/11\/image00022-768x576.jpeg 768w, http:\/\/aliceconstantinescu.ro\/wp-content\/uploads\/2022\/11\/image00022-1536x1152.jpeg 1536w, http:\/\/aliceconstantinescu.ro\/wp-content\/uploads\/2022\/11\/image00022-2048x1536.jpeg 2048w\" sizes=\"auto, (max-width: 1024px) 100vw, 1024px\" \/><\/figure><div class=\"wp-block-media-text__content\">\n<h2 class=\"wp-block-heading\"><a href=\"http:\/\/aliceconstantinescu.ro\/index.php\/2022\/11\/22\/cea-mai-sustenabila-piesa-vestimentara-se-afla-deja-in-dulapul-tau\/\">\u201eCea mai sustenabil\u0103 pies\u0103 vestimentar\u0103 se afl\u0103 deja \u00een dulapul t\u0103u\u201d<\/a><\/h2>\n\n\n\n<p class=\"has-link-color wp-elements-036701466d3f48344f7707bb423b30bf\">Aleea Padin din Cluj-Napoca e plin\u0103 de oameni care se gr\u0103besc la pia\u021ba Flora. Femei cu pungi de plastic, tineri cu plase de in \u0219i b\u0103rba\u021bi cu saco\u0219e mari din rafie trec prin parcarea de l\u00e2ng\u0103 pia\u021b\u0103. Vorbesc \u00eentre ei, r\u00e2d sau merg repede, cu privirea \u00een p\u0103m\u00e2nt. \u00cen col\u021bul parc\u0103rii sunt adunate ni\u0219te sticle de bere, iar pe trotuar v\u00e2ntul a \u00eempr\u0103\u0219tiat gunoiul peste care calc\u0103 acum oamenii. O mam\u0103, \u00eempreun\u0103 cu fiul ei, urc\u0103 \u00eencet sc\u0103rile care duc la cel mai mare magazin second hand cu v\u00e2nzare la kilogram din Cluj. Dup\u0103 vreo 15 minute, coboar\u0103 cu o pung\u0103 plin\u0103. C\u00e2nd ies de pe Aleea Padin, trec pe l\u00e2ng\u0103 un maieu \u00eeng\u0103lbenit, jum\u0103tate acoperit cu p\u0103m\u00e2nt. Peste al\u021bi c\u00e2\u021biva metri, sub o ma\u0219in\u0103, se vede&#8230; <a href=\"http:\/\/aliceconstantinescu.ro\/index.php\/2022\/11\/22\/cea-mai-sustenabila-piesa-vestimentara-se-afla-deja-in-dulapul-tau\/\">cite\u0219te mai mult<\/a><\/p>\n<\/div><\/div>\n\n\n\n<div class=\"wp-block-media-text alignwide has-media-on-the-right is-stacked-on-mobile\"><div class=\"wp-block-media-text__content\">\n<h2 class=\"wp-block-heading\"><a href=\"http:\/\/aliceconstantinescu.ro\/index.php\/2022\/11\/22\/jurnal-de-artist-in-era-digitala\/\">Jurnal de artist \u00een era digital\u0103<\/a><\/h2>\n\n\n\n<p class=\"has-link-color wp-elements-9724958076e1da08f3a0a6293df80884\">La ora 10 seara, \u00eentr-un cartier din Cluj-Napoca, o familie a decis s\u0103 arunce arta la gunoi. La propriu. Un tablou f\u0103cut, cel mai probabil de un copil, pe o p\u00e2nz\u0103 40\u00d760, aduce o pat\u0103 de culoare \u00een ghena de gunoi. Peste el, sprijinit\u0103 de o pubel\u0103, e aruncat\u0103 o org\u0103 electronic\u0103, scoas\u0103 din cutie. Cutia se afl\u0103 \u0219i ea acolo, sub tablou, \u00eentre buc\u0103\u021bi murdare de polistiren \u0219i de\u0219euri din plastic. \u00cen pubel\u0103, \u00eentre coji de legume \u0219i saci negri de gunoi, se v\u0103d c\u00e2teva foi cu desene&#8230; <a href=\"http:\/\/aliceconstantinescu.ro\/index.php\/2022\/11\/22\/jurnal-de-artist-in-era-digitala\/\">cite\u0219te mai mult<\/a><\/p>\n<\/div><figure class=\"wp-block-media-text__media\"><img loading=\"lazy\" decoding=\"async\" width=\"1024\" height=\"870\" src=\"http:\/\/aliceconstantinescu.ro\/wp-content\/uploads\/2022\/11\/feature_image-1024x870.jpg\" alt=\"colaj cu ochi pe o foaie colorat\u0103\" class=\"wp-image-221 size-full\" srcset=\"http:\/\/aliceconstantinescu.ro\/wp-content\/uploads\/2022\/11\/feature_image-1024x870.jpg 1024w, http:\/\/aliceconstantinescu.ro\/wp-content\/uploads\/2022\/11\/feature_image-300x255.jpg 300w, http:\/\/aliceconstantinescu.ro\/wp-content\/uploads\/2022\/11\/feature_image-768x652.jpg 768w, http:\/\/aliceconstantinescu.ro\/wp-content\/uploads\/2022\/11\/feature_image-1536x1305.jpg 1536w, http:\/\/aliceconstantinescu.ro\/wp-content\/uploads\/2022\/11\/feature_image.jpg 1920w\" sizes=\"auto, (max-width: 1024px) 100vw, 1024px\" \/><\/figure><\/div>\n","protected":false},"excerpt":{"rendered":"<p>Despre r\u0103bdare \u0219i frumos, cu Radu T\u0103taru, restaurator la Muzeul de Art\u0103 Bra\u0219ov La Bra\u0219ov, timpul \u00eenseamn\u0103 art\u0103, iar arta se m\u0103soar\u0103 \u00een timpul petrecut de restaurator \u00een atelierul s\u0103u. \u00cen prima jum\u0103tate a lunii august, Muzeul de Art\u0103 din Bra\u0219ov a mutat atelierul de restaurare a lucr\u0103rilor \u00een prima sal\u0103 din muzeu, cre\u00e2nd o [&hellip;]<\/p>\n","protected":false},"author":1,"featured_media":0,"parent":0,"menu_order":0,"comment_status":"closed","ping_status":"closed","template":"elementor_theme","meta":{"footnotes":""},"class_list":["post-57","page","type-page","status-publish","hentry"],"_links":{"self":[{"href":"http:\/\/aliceconstantinescu.ro\/index.php\/wp-json\/wp\/v2\/pages\/57","targetHints":{"allow":["GET"]}}],"collection":[{"href":"http:\/\/aliceconstantinescu.ro\/index.php\/wp-json\/wp\/v2\/pages"}],"about":[{"href":"http:\/\/aliceconstantinescu.ro\/index.php\/wp-json\/wp\/v2\/types\/page"}],"author":[{"embeddable":true,"href":"http:\/\/aliceconstantinescu.ro\/index.php\/wp-json\/wp\/v2\/users\/1"}],"replies":[{"embeddable":true,"href":"http:\/\/aliceconstantinescu.ro\/index.php\/wp-json\/wp\/v2\/comments?post=57"}],"version-history":[{"count":18,"href":"http:\/\/aliceconstantinescu.ro\/index.php\/wp-json\/wp\/v2\/pages\/57\/revisions"}],"predecessor-version":[{"id":594,"href":"http:\/\/aliceconstantinescu.ro\/index.php\/wp-json\/wp\/v2\/pages\/57\/revisions\/594"}],"wp:attachment":[{"href":"http:\/\/aliceconstantinescu.ro\/index.php\/wp-json\/wp\/v2\/media?parent=57"}],"curies":[{"name":"wp","href":"https:\/\/api.w.org\/{rel}","templated":true}]}}