{"id":100,"date":"2022-11-21T00:54:05","date_gmt":"2022-11-21T00:54:05","guid":{"rendered":"http:\/\/aliceconstantinescu.ro\/?page_id=100"},"modified":"2024-10-05T12:32:54","modified_gmt":"2024-10-05T12:32:54","slug":"cronicute","status":"publish","type":"page","link":"http:\/\/aliceconstantinescu.ro\/index.php\/cronicute\/","title":{"rendered":"Cronicu\u021be"},"content":{"rendered":"\n<h2 class=\"wp-block-heading\" style=\"text-transform:none\"><a href=\"https:\/\/aliceconstantinescu.ro\/index.php\/2023\/09\/13\/a-doua-zi-la-jazz-in-the-park-asculta-iubeste-simte-binele\/\">A doua zi la Jazz in the Park: ASCULT\u0102. IUBE\u0218TE. SIMTE BINELE!<\/a><\/h2>\n\n\n\n<p>\u00cen drum spre poarta \u00eenalt\u0103 a Parcului Etnografic ne \u00eentreb\u0103m:&nbsp;<em>de ce venim la Jazz in the Park?<\/em>&nbsp;Venim pentru experien\u021be, pentru muzic\u0103, pentru c\u00e2inii ce se bucur\u0103 al\u0103turi de oameni, pentru alpaca ce gust\u0103 \u0219i ea c\u00e2te ceva din festival, un fir de iarb\u0103, un acord de chitar\u0103? Poate venim tocmai pentru c\u0103 \u201eaici, la Cluj, la Jazz in the Park, e sinteza, contopirea spa\u021biului carpato-danubiano-pontic de jazz\u201d, dup\u0103 cum spuneau ieri cei de la JazzQuarters Trio?<\/p>\n\n\n\n<p class=\"has-link-color wp-elements-a5aa84471196706dc806be252a80973a\">\u00cen realitate cred c\u0103 venim pentru oameni. Venim pentru noi. S\u0103 ne ascult\u0103m pu\u021bin mai atent, s\u0103 ne iubim pu\u021bin mai tare, s\u0103 ne sim\u021bim bine&#8230; <a href=\"https:\/\/aliceconstantinescu.ro\/index.php\/2023\/09\/13\/a-doua-zi-la-jazz-in-the-park-asculta-iubeste-simte-binele\/\">cite\u0219te mai mult<\/a><\/p>\n\n\n\n<h2 class=\"wp-block-heading\"><a href=\"http:\/\/aliceconstantinescu.ro\/index.php\/2022\/11\/21\/zadarnicele-chinuri-ale-dragostei-teatrul-bulandra\/\"><strong><em>Zadarnicele chinuri ale dragostei<\/em><\/strong> \u2013 Teatrul Bulandra<\/a><\/h2>\n\n\n\n<p class=\"has-link-color wp-elements-f73ecf7f97a52e9c3d59e8658f141421\">Teatrul ca expresie artistic\u0103 are ca scop descoperirea unui adev\u0103r absolut \u00een ritmul propriu al fiec\u0103rui spectator. Teatrul \u00ee\u0219i provoac\u0103 privitorii spre o c\u0103l\u0103torie introspectiv\u0103, care nu necesit\u0103 nici preg\u0103tire \u00eendelungat\u0103, nici grija bagajelor incomode: e\u0219ti doar tu cu g\u00e2ndurile tale, actorii de pe scen\u0103 \u0219i povestea care, la final, te face s\u0103 te \u00eentrebi dac\u0103 ceea ce-ai g\u00e2ndit au fost cu adev\u0103rat g\u00e2ndurile tale, sau ai fost condi\u021bionat s\u0103 \u00ee\u021bi mulezi g\u00e2ndirea pentru a te identifica mai u\u0219or cu personajul care \u021bi-a atras aten\u021bia de la \u00eenceput. Ceea ce refuzi s\u0103 accep\u021bi sau g\u0103se\u0219ti greu de \u00een\u021beles este faptul c\u0103&#8230; <a href=\"http:\/\/aliceconstantinescu.ro\/index.php\/2022\/11\/21\/zadarnicele-chinuri-ale-dragostei-teatrul-bulandra\/\">cite\u0219te mai mult<\/a><\/p>\n\n\n\n<h2 class=\"wp-block-heading\"><a href=\"http:\/\/aliceconstantinescu.ro\/index.php\/2022\/11\/22\/freedom-writers-oameni-care-inspira\/\">Freedom Writers<\/a><\/h2>\n\n\n\n<p><em>I am not a hero. I did what I had to do because it was the right thing to do. Even an ordinary person can, in their own small ways, turn on a small light in a dark room.&nbsp;<\/em><\/p>\n\n\n\n<p class=\"has-link-color wp-elements-ab98ae05529988237782351562174b25\">\u00centr-o lume \u00een care tinerii (care ar trebui s\u0103 reprezinte viitorul) sunt de p\u0103rere c\u0103 pentru ei nu mai exist\u0103 un viitor, sau cel pu\u021bin nu unul f\u0103r\u0103 r\u0103zboi, f\u0103r\u0103 arme, f\u0103r\u0103 lupte; \u00eentr-o lume care are nevoie de o schimbare, de o aducere \u00eempreun\u0103 a tuturor for\u021belor din care ar putea fi alc\u0103tuit\u0103, intr\u0103m noi, prin intermediul filmului The Freedom Writers. Pentru c\u0103 atunci c\u00e2nd problema intoleran\u021bei devine status quo-ul unei genera\u021bii tot ce mai r\u0103m\u00e2ne de f\u0103cut e&#8230; <a href=\"http:\/\/aliceconstantinescu.ro\/index.php\/2022\/11\/22\/freedom-writers-oameni-care-inspira\/\">cite\u0219te mai mult<\/a><\/p>\n","protected":false},"excerpt":{"rendered":"<p>A doua zi la Jazz in the Park: ASCULT\u0102. IUBE\u0218TE. SIMTE BINELE! \u00cen drum spre poarta \u00eenalt\u0103 a Parcului Etnografic ne \u00eentreb\u0103m:&nbsp;de ce venim la Jazz in the Park?&nbsp;Venim pentru experien\u021be, pentru muzic\u0103, pentru c\u00e2inii ce se bucur\u0103 al\u0103turi de oameni, pentru alpaca ce gust\u0103 \u0219i ea c\u00e2te ceva din festival, un fir de iarb\u0103, [&hellip;]<\/p>\n","protected":false},"author":1,"featured_media":0,"parent":0,"menu_order":0,"comment_status":"closed","ping_status":"closed","template":"","meta":{"footnotes":""},"class_list":["post-100","page","type-page","status-publish","hentry"],"_links":{"self":[{"href":"http:\/\/aliceconstantinescu.ro\/index.php\/wp-json\/wp\/v2\/pages\/100","targetHints":{"allow":["GET"]}}],"collection":[{"href":"http:\/\/aliceconstantinescu.ro\/index.php\/wp-json\/wp\/v2\/pages"}],"about":[{"href":"http:\/\/aliceconstantinescu.ro\/index.php\/wp-json\/wp\/v2\/types\/page"}],"author":[{"embeddable":true,"href":"http:\/\/aliceconstantinescu.ro\/index.php\/wp-json\/wp\/v2\/users\/1"}],"replies":[{"embeddable":true,"href":"http:\/\/aliceconstantinescu.ro\/index.php\/wp-json\/wp\/v2\/comments?post=100"}],"version-history":[{"count":11,"href":"http:\/\/aliceconstantinescu.ro\/index.php\/wp-json\/wp\/v2\/pages\/100\/revisions"}],"predecessor-version":[{"id":603,"href":"http:\/\/aliceconstantinescu.ro\/index.php\/wp-json\/wp\/v2\/pages\/100\/revisions\/603"}],"wp:attachment":[{"href":"http:\/\/aliceconstantinescu.ro\/index.php\/wp-json\/wp\/v2\/media?parent=100"}],"curies":[{"name":"wp","href":"https:\/\/api.w.org\/{rel}","templated":true}]}}